{"id":31,"date":"2024-09-09T13:39:30","date_gmt":"2024-09-09T11:39:30","guid":{"rendered":"http:\/\/www.lschindler.at\/wordpress\/?page_id=31"},"modified":"2024-09-18T18:10:09","modified_gmt":"2024-09-18T16:10:09","slug":"about-me","status":"publish","type":"page","link":"https:\/\/www.lschindler.at\/?page_id=31","title":{"rendered":"About Me"},"content":{"rendered":"\n<p class=\"has-black-color has-text-color has-link-color wp-elements-e053fce49cf94e7b62fd1f115d320974\">Laura Schindler, geboren 1990, ist eine vielseitige K\u00fcnstlerin und ausgebildete Lehrerin f\u00fcr Deutsch und Bildnerische Erziehung\/Kunst. Seit dem Abschluss ihres Lehramtsstudiums im Jahr 2016 hat sie sich vor allem auf die Aktmalerei mit Acrylfarben und ausdrucksstarke Portraits spezialisiert. Ihre Arbeiten zeichnen sich durch eine intensive Farbgebung und eine dynamische, expressive Bildsprache aus, die den menschlichen K\u00f6rper in all seinen Facetten und Emotionen hervorhebt.<br>Schindlers Werke wurden in zahlreichen Ausstellungen und Kunstprojekten pr\u00e4sentiert, unter anderem in Wiener Neustadt und Wien. Eines der Highlights ihrer bisherigen Karriere war unter anderem die Schaffung von Portr\u00e4ts der prominenten \u00f6sterreichischen Sportler Michaela Dorfmeister, das im Rahmen einer Charity Auktion des Sportlands Nieder\u00f6sterreich gezeigt wurde. Ebenso durfte sie die bekannte \u00f6sterreichische Snowboardgr\u00f6\u00dfe Benjamin Karl portr\u00e4tieren. Diese Werke sind ein Beispiel f\u00fcr ihre F\u00e4higkeit, Emotionen und Pers\u00f6nlichkeit mit jedem Pinselstrich zum Leben zu erwecken.<br>Mit ihrer Kunst m\u00f6chte Laura Schindler die \u00c4sthetik des Alltags hervorheben und den Betrachter zu einer tieferen Reflexion \u00fcber den menschlichen K\u00f6rper und die Seele anregen.<\/p>\n\n\n\n<figure class=\"wp-block-image size-large\"><img loading=\"lazy\" decoding=\"async\" width=\"1024\" height=\"640\" src=\"https:\/\/www.lschindler.at\/wordpress\/wp-content\/uploads\/2024\/09\/cropped-laura-halle-small-108-1-1024x640.jpg\" alt=\"\" class=\"wp-image-163\" srcset=\"https:\/\/www.lschindler.at\/wordpress\/wp-content\/uploads\/2024\/09\/cropped-laura-halle-small-108-1-1024x640.jpg 1024w, https:\/\/www.lschindler.at\/wordpress\/wp-content\/uploads\/2024\/09\/cropped-laura-halle-small-108-1-300x188.jpg 300w, https:\/\/www.lschindler.at\/wordpress\/wp-content\/uploads\/2024\/09\/cropped-laura-halle-small-108-1-768x480.jpg 768w, https:\/\/www.lschindler.at\/wordpress\/wp-content\/uploads\/2024\/09\/cropped-laura-halle-small-108-1-1240x775.jpg 1240w, https:\/\/www.lschindler.at\/wordpress\/wp-content\/uploads\/2024\/09\/cropped-laura-halle-small-108-1-508x318.jpg 508w, https:\/\/www.lschindler.at\/wordpress\/wp-content\/uploads\/2024\/09\/cropped-laura-halle-small-108-1.jpg 1440w\" sizes=\"auto, (max-width: 1024px) 100vw, 1024px\" \/><\/figure>\n\n\n\n<blockquote class=\"wp-block-quote is-layout-flow wp-block-quote-is-layout-flow\">\n<blockquote class=\"wp-block-quote is-layout-flow wp-block-quote-is-layout-flow\">\n<p>Der menschliche K\u00f6rper ist f\u00fcr mich die reinste Leinwand \u2013 voller Emotionen, voller Ausdruck, voller Leben. Ich lasse Farben sprechen, wo Worte versagen. <strong>Laura Schindler<\/strong><\/p>\n<\/blockquote>\n<\/blockquote>\n\n\n\n<p><\/p>\n","protected":false},"excerpt":{"rendered":"<p>Laura Schindler, geboren 1990, ist eine vielseitige K\u00fcnstlerin und ausgebildete Lehrerin f\u00fcr Deutsch und Bildnerische Erziehung\/Kunst. Seit dem Abschluss ihres Lehramtsstudiums im Jahr 2016 hat sie sich vor allem auf die Aktmalerei mit Acrylfarben und ausdrucksstarke Portraits spezialisiert. Ihre Arbeiten zeichnen sich durch eine intensive Farbgebung und eine dynamische, expressive Bildsprache aus, die den menschlichen [&hellip;]<\/p>\n","protected":false},"author":1,"featured_media":0,"parent":0,"menu_order":0,"comment_status":"closed","ping_status":"closed","template":"","meta":{"footnotes":""},"class_list":["post-31","page","type-page","status-publish","hentry"],"_links":{"self":[{"href":"https:\/\/www.lschindler.at\/index.php?rest_route=\/wp\/v2\/pages\/31","targetHints":{"allow":["GET"]}}],"collection":[{"href":"https:\/\/www.lschindler.at\/index.php?rest_route=\/wp\/v2\/pages"}],"about":[{"href":"https:\/\/www.lschindler.at\/index.php?rest_route=\/wp\/v2\/types\/page"}],"author":[{"embeddable":true,"href":"https:\/\/www.lschindler.at\/index.php?rest_route=\/wp\/v2\/users\/1"}],"replies":[{"embeddable":true,"href":"https:\/\/www.lschindler.at\/index.php?rest_route=%2Fwp%2Fv2%2Fcomments&post=31"}],"version-history":[{"count":7,"href":"https:\/\/www.lschindler.at\/index.php?rest_route=\/wp\/v2\/pages\/31\/revisions"}],"predecessor-version":[{"id":472,"href":"https:\/\/www.lschindler.at\/index.php?rest_route=\/wp\/v2\/pages\/31\/revisions\/472"}],"wp:attachment":[{"href":"https:\/\/www.lschindler.at\/index.php?rest_route=%2Fwp%2Fv2%2Fmedia&parent=31"}],"curies":[{"name":"wp","href":"https:\/\/api.w.org\/{rel}","templated":true}]}}