{"id":188,"date":"2024-09-09T19:41:25","date_gmt":"2024-09-09T17:41:25","guid":{"rendered":"http:\/\/www.lschindler.at\/wordpress\/?page_id=188"},"modified":"2024-09-18T20:29:51","modified_gmt":"2024-09-18T18:29:51","slug":"artworks","status":"publish","type":"page","link":"https:\/\/www.lschindler.at\/?page_id=188","title":{"rendered":"Artworks"},"content":{"rendered":"\n<div class=\"wp-block-media-text alignwide has-media-on-the-right is-stacked-on-mobile is-vertically-aligned-center\" style=\"grid-template-columns:auto 42%\"><div class=\"wp-block-media-text__content\">\n<div class=\"wp-block-buttons is-layout-flex wp-block-buttons-is-layout-flex\">\n<div class=\"wp-block-button is-style-outline is-style-outline--1\"><a class=\"wp-block-button__link wp-element-button\" href=\"https:\/\/www.lschindler.at\/wordpress\/?p=66\">AktE<\/a><\/div>\n<\/div>\n\n\n\n<p>Der menschliche K\u00f6rper ist nach wie vor Fokus der Arbeiten von Laura Schindler. Betreten Sie die Welt der expressiven nahezu vibrierenden Akte der K\u00fcnstlerin. Ihre Werke zeichnen sich durch eine intensive Farbgebung und eine dynamische, expressive Bildsprache aus, die K\u00f6rper in all seinen Facetten und Emotionen hervorheben.<\/p>\n<\/div><figure class=\"wp-block-media-text__media\"><img loading=\"lazy\" decoding=\"async\" width=\"1024\" height=\"676\" src=\"https:\/\/www.lschindler.at\/wordpress\/wp-content\/uploads\/2024\/09\/DSC_4060-1024x676.jpg\" alt=\"\" class=\"wp-image-138 size-full\" srcset=\"https:\/\/www.lschindler.at\/wordpress\/wp-content\/uploads\/2024\/09\/DSC_4060-1024x676.jpg 1024w, https:\/\/www.lschindler.at\/wordpress\/wp-content\/uploads\/2024\/09\/DSC_4060-300x198.jpg 300w, https:\/\/www.lschindler.at\/wordpress\/wp-content\/uploads\/2024\/09\/DSC_4060-768x507.jpg 768w, https:\/\/www.lschindler.at\/wordpress\/wp-content\/uploads\/2024\/09\/DSC_4060-508x335.jpg 508w, https:\/\/www.lschindler.at\/wordpress\/wp-content\/uploads\/2024\/09\/DSC_4060.jpg 1200w\" sizes=\"auto, (max-width: 1024px) 100vw, 1024px\" \/><\/figure><\/div>\n\n\n\n<div class=\"wp-block-media-text alignwide is-stacked-on-mobile\" style=\"grid-template-columns:42% auto\"><figure class=\"wp-block-media-text__media\"><img loading=\"lazy\" decoding=\"async\" width=\"1024\" height=\"675\" src=\"https:\/\/www.lschindler.at\/wordpress\/wp-content\/uploads\/2024\/09\/DSC_4090-1024x675.jpg\" alt=\"\" class=\"wp-image-82 size-full\" srcset=\"https:\/\/www.lschindler.at\/wordpress\/wp-content\/uploads\/2024\/09\/DSC_4090-1024x675.jpg 1024w, https:\/\/www.lschindler.at\/wordpress\/wp-content\/uploads\/2024\/09\/DSC_4090-300x198.jpg 300w, https:\/\/www.lschindler.at\/wordpress\/wp-content\/uploads\/2024\/09\/DSC_4090-768x506.jpg 768w, https:\/\/www.lschindler.at\/wordpress\/wp-content\/uploads\/2024\/09\/DSC_4090-508x335.jpg 508w, https:\/\/www.lschindler.at\/wordpress\/wp-content\/uploads\/2024\/09\/DSC_4090.jpg 1200w\" sizes=\"auto, (max-width: 1024px) 100vw, 1024px\" \/><\/figure><div class=\"wp-block-media-text__content\">\n<div class=\"wp-block-buttons is-layout-flex wp-block-buttons-is-layout-flex\">\n<div class=\"wp-block-button is-style-outline is-style-outline--2\"><a class=\"wp-block-button__link wp-element-button\" href=\"https:\/\/www.lschindler.at\/wordpress\/?p=88\">Keep on MoVing &#8211; Sport Serie<\/a><\/div>\n<\/div>\n\n\n\n<p>Bewegungfreude und k\u00f6rperliche Leistung sind in Laura Schindlers Momentaufnahmen des Sports nahezu sp\u00fcrbar. Akzentuiert durch extreme Kontraste unterstreicht die K\u00fcnstlerin die Intensit\u00e4t der Bewegung.<br><\/p>\n<\/div><\/div>\n\n\n\n<div class=\"wp-block-media-text alignwide has-media-on-the-right is-stacked-on-mobile\" style=\"grid-template-columns:auto 42%\"><div class=\"wp-block-media-text__content\">\n<div class=\"wp-block-buttons is-layout-flex wp-block-buttons-is-layout-flex\">\n<div class=\"wp-block-button is-style-outline is-style-outline--3\"><a class=\"wp-block-button__link has-accent-color has-text-color has-link-color wp-element-button\" href=\"https:\/\/www.lschindler.at\/wordpress\/?p=261\">Underwater magic<\/a><\/div>\n<\/div>\n\n\n\n<p>Lassen Sie sich on der K\u00fcnstlerin in die Magie von Unterwasserwelten entf\u00fchren. In submarinen Unterwasserwelten begenen Ihnen Nymphen, Wasserm\u00e4nner und bizarre Wesen. Entdecken Sie in den Malerein die unendliche Weite der unerforschten Meerestiefen.<\/p>\n<\/div><figure class=\"wp-block-media-text__media\"><img loading=\"lazy\" decoding=\"async\" width=\"1024\" height=\"1024\" src=\"https:\/\/www.lschindler.at\/wordpress\/wp-content\/uploads\/2024\/09\/DSC_4082-Kopie-1024x1024.jpg\" alt=\"\" class=\"wp-image-220 size-full\" srcset=\"https:\/\/www.lschindler.at\/wordpress\/wp-content\/uploads\/2024\/09\/DSC_4082-Kopie-1024x1024.jpg 1024w, https:\/\/www.lschindler.at\/wordpress\/wp-content\/uploads\/2024\/09\/DSC_4082-Kopie-300x300.jpg 300w, https:\/\/www.lschindler.at\/wordpress\/wp-content\/uploads\/2024\/09\/DSC_4082-Kopie-150x150.jpg 150w, https:\/\/www.lschindler.at\/wordpress\/wp-content\/uploads\/2024\/09\/DSC_4082-Kopie-768x768.jpg 768w, https:\/\/www.lschindler.at\/wordpress\/wp-content\/uploads\/2024\/09\/DSC_4082-Kopie-508x508.jpg 508w, https:\/\/www.lschindler.at\/wordpress\/wp-content\/uploads\/2024\/09\/DSC_4082-Kopie.jpg 1200w\" sizes=\"auto, (max-width: 1024px) 100vw, 1024px\" \/><\/figure><\/div>\n\n\n\n<div class=\"wp-block-media-text alignwide is-stacked-on-mobile\" style=\"grid-template-columns:42% auto\"><figure class=\"wp-block-media-text__media\"><img loading=\"lazy\" decoding=\"async\" width=\"1024\" height=\"1011\" src=\"https:\/\/www.lschindler.at\/wordpress\/wp-content\/uploads\/2024\/09\/DSC_4102-1024x1011.jpg\" alt=\"\" class=\"wp-image-75 size-full\" srcset=\"https:\/\/www.lschindler.at\/wordpress\/wp-content\/uploads\/2024\/09\/DSC_4102-1024x1011.jpg 1024w, https:\/\/www.lschindler.at\/wordpress\/wp-content\/uploads\/2024\/09\/DSC_4102-300x296.jpg 300w, https:\/\/www.lschindler.at\/wordpress\/wp-content\/uploads\/2024\/09\/DSC_4102-768x758.jpg 768w, https:\/\/www.lschindler.at\/wordpress\/wp-content\/uploads\/2024\/09\/DSC_4102-508x502.jpg 508w, https:\/\/www.lschindler.at\/wordpress\/wp-content\/uploads\/2024\/09\/DSC_4102.jpg 1200w\" sizes=\"auto, (max-width: 1024px) 100vw, 1024px\" \/><\/figure><div class=\"wp-block-media-text__content\">\n<div class=\"wp-block-buttons is-layout-flex wp-block-buttons-is-layout-flex\">\n<div class=\"wp-block-button is-style-outline is-style-outline--4\"><a class=\"wp-block-button__link wp-element-button\" href=\"https:\/\/www.lschindler.at\/wordpress\/?p=77\" style=\"border-radius:0px\">Into Nature<\/a><\/div>\n<\/div>\n\n\n\n<p>Landschaften anders. Mit hart kontrastieren, generalisierten und haarscharf abgegrenzten Zonen in der Natur setzt Laura Schindler ein klares Statement Ihrer Interpretation der Landschaft.<\/p>\n<\/div><\/div>\n\n\n\n<div class=\"wp-block-media-text alignwide has-media-on-the-right is-stacked-on-mobile\" style=\"grid-template-columns:auto 42%\"><div class=\"wp-block-media-text__content\">\n<div class=\"wp-block-buttons is-layout-flex wp-block-buttons-is-layout-flex\">\n<div class=\"wp-block-button is-style-outline is-style-outline--5\"><a class=\"wp-block-button__link wp-element-button\" href=\"https:\/\/www.lschindler.at\/wordpress\/?page_id=402\" style=\"border-radius:0px\">PEOPLE, CHARACTERS &amp; Sceneries<\/a><\/div>\n<\/div>\n\n\n\n<p>Tauchen Sie in die Welt der Portraits, Charakt\u00e4re und fantasievollen Arbeiten ein. Die Werke der K\u00fcnstlerin erweitern Ihr Portfolio auf eindrucksvolle Weise. Dabei spannt sich der Bogen von Realismus bis hin zu Fantasy Szenerien. <\/p>\n<\/div><figure class=\"wp-block-media-text__media\"><img loading=\"lazy\" decoding=\"async\" width=\"1024\" height=\"1016\" src=\"https:\/\/www.lschindler.at\/wordpress\/wp-content\/uploads\/2024\/09\/DSC_4077-1024x1016.jpg\" alt=\"\" class=\"wp-image-224 size-full\" srcset=\"https:\/\/www.lschindler.at\/wordpress\/wp-content\/uploads\/2024\/09\/DSC_4077-1024x1016.jpg 1024w, https:\/\/www.lschindler.at\/wordpress\/wp-content\/uploads\/2024\/09\/DSC_4077-300x298.jpg 300w, https:\/\/www.lschindler.at\/wordpress\/wp-content\/uploads\/2024\/09\/DSC_4077-150x150.jpg 150w, https:\/\/www.lschindler.at\/wordpress\/wp-content\/uploads\/2024\/09\/DSC_4077-768x762.jpg 768w, https:\/\/www.lschindler.at\/wordpress\/wp-content\/uploads\/2024\/09\/DSC_4077-508x504.jpg 508w, https:\/\/www.lschindler.at\/wordpress\/wp-content\/uploads\/2024\/09\/DSC_4077.jpg 1200w\" sizes=\"auto, (max-width: 1024px) 100vw, 1024px\" \/><\/figure><\/div>\n\n\n\n<p><\/p>\n","protected":false},"excerpt":{"rendered":"","protected":false},"author":1,"featured_media":0,"parent":0,"menu_order":0,"comment_status":"closed","ping_status":"closed","template":"","meta":{"footnotes":""},"class_list":["post-188","page","type-page","status-publish","hentry"],"_links":{"self":[{"href":"https:\/\/www.lschindler.at\/index.php?rest_route=\/wp\/v2\/pages\/188","targetHints":{"allow":["GET"]}}],"collection":[{"href":"https:\/\/www.lschindler.at\/index.php?rest_route=\/wp\/v2\/pages"}],"about":[{"href":"https:\/\/www.lschindler.at\/index.php?rest_route=\/wp\/v2\/types\/page"}],"author":[{"embeddable":true,"href":"https:\/\/www.lschindler.at\/index.php?rest_route=\/wp\/v2\/users\/1"}],"replies":[{"embeddable":true,"href":"https:\/\/www.lschindler.at\/index.php?rest_route=%2Fwp%2Fv2%2Fcomments&post=188"}],"version-history":[{"count":28,"href":"https:\/\/www.lschindler.at\/index.php?rest_route=\/wp\/v2\/pages\/188\/revisions"}],"predecessor-version":[{"id":496,"href":"https:\/\/www.lschindler.at\/index.php?rest_route=\/wp\/v2\/pages\/188\/revisions\/496"}],"wp:attachment":[{"href":"https:\/\/www.lschindler.at\/index.php?rest_route=%2Fwp%2Fv2%2Fmedia&parent=188"}],"curies":[{"name":"wp","href":"https:\/\/api.w.org\/{rel}","templated":true}]}}