{"id":122,"date":"2024-09-09T16:21:18","date_gmt":"2024-09-09T14:21:18","guid":{"rendered":"http:\/\/www.lschindler.at\/wordpress\/?page_id=122"},"modified":"2024-09-18T22:16:08","modified_gmt":"2024-09-18T20:16:08","slug":"mixed-gallery","status":"publish","type":"page","link":"https:\/\/www.lschindler.at\/?page_id=122","title":{"rendered":"Projects"},"content":{"rendered":"\n<p><strong>Ihr Portrait<\/strong><br>Zusammen mit mehreren Top-K\u00fcnstlern aus dem analogen bis digitalen Bereich der bildenden Kunst, von Malerei bis Fotografie freut sich die K\u00fcnstlerin ein spezielles Projekt anzuk\u00fcndigen. Wenn Sie auf der Suche nach einem Portrait als Geschenk oder f\u00fcr sich selber sind, sind Sie hier richtig. Mehr zu diesem Projekt folgt in K\u00fcrze! Falls Ihr Interesse jedoch schon jetzt geweckt wurde kontaktieren Sie die K\u00fcnstlerin!<\/p>\n\n\n\n<figure class=\"wp-block-gallery has-nested-images columns-default is-cropped wp-block-gallery-1 is-layout-flex wp-block-gallery-is-layout-flex\">\n<figure data-wp-context=\"{&quot;imageId&quot;:&quot;69d43b54a8bd8&quot;}\" data-wp-interactive=\"core\/image\" data-wp-key=\"69d43b54a8bd8\" class=\"wp-block-image size-large wp-lightbox-container\"><img loading=\"lazy\" decoding=\"async\" width=\"1024\" height=\"1016\" data-wp-class--hide=\"state.isContentHidden\" data-wp-class--show=\"state.isContentVisible\" data-wp-init=\"callbacks.setButtonStyles\" data-wp-on--click=\"actions.showLightbox\" data-wp-on--load=\"callbacks.setButtonStyles\" data-wp-on-window--resize=\"callbacks.setButtonStyles\" data-id=\"224\" src=\"https:\/\/www.lschindler.at\/wordpress\/wp-content\/uploads\/2024\/09\/DSC_4077-1024x1016.jpg\" alt=\"\" class=\"wp-image-224\" srcset=\"https:\/\/www.lschindler.at\/wordpress\/wp-content\/uploads\/2024\/09\/DSC_4077-1024x1016.jpg 1024w, https:\/\/www.lschindler.at\/wordpress\/wp-content\/uploads\/2024\/09\/DSC_4077-300x298.jpg 300w, https:\/\/www.lschindler.at\/wordpress\/wp-content\/uploads\/2024\/09\/DSC_4077-150x150.jpg 150w, https:\/\/www.lschindler.at\/wordpress\/wp-content\/uploads\/2024\/09\/DSC_4077-768x762.jpg 768w, https:\/\/www.lschindler.at\/wordpress\/wp-content\/uploads\/2024\/09\/DSC_4077-508x504.jpg 508w, https:\/\/www.lschindler.at\/wordpress\/wp-content\/uploads\/2024\/09\/DSC_4077.jpg 1200w\" sizes=\"auto, (max-width: 1024px) 100vw, 1024px\" \/><button\n\t\t\tclass=\"lightbox-trigger\"\n\t\t\ttype=\"button\"\n\t\t\taria-haspopup=\"dialog\"\n\t\t\taria-label=\"Vergr\u00f6\u00dfern\"\n\t\t\tdata-wp-init=\"callbacks.initTriggerButton\"\n\t\t\tdata-wp-on--click=\"actions.showLightbox\"\n\t\t\tdata-wp-style--right=\"state.imageButtonRight\"\n\t\t\tdata-wp-style--top=\"state.imageButtonTop\"\n\t\t>\n\t\t\t<svg xmlns=\"http:\/\/www.w3.org\/2000\/svg\" width=\"12\" height=\"12\" fill=\"none\" viewBox=\"0 0 12 12\">\n\t\t\t\t<path fill=\"#fff\" d=\"M2 0a2 2 0 0 0-2 2v2h1.5V2a.5.5 0 0 1 .5-.5h2V0H2Zm2 10.5H2a.5.5 0 0 1-.5-.5V8H0v2a2 2 0 0 0 2 2h2v-1.5ZM8 12v-1.5h2a.5.5 0 0 0 .5-.5V8H12v2a2 2 0 0 1-2 2H8Zm2-12a2 2 0 0 1 2 2v2h-1.5V2a.5.5 0 0 0-.5-.5H8V0h2Z\" \/>\n\t\t\t<\/svg>\n\t\t<\/button><figcaption class=\"wp-element-caption\">xxx Laura Schindler<\/figcaption><\/figure>\n\n\n\n<figure data-wp-context=\"{&quot;imageId&quot;:&quot;69d43b54a960a&quot;}\" data-wp-interactive=\"core\/image\" data-wp-key=\"69d43b54a960a\" class=\"wp-block-image size-large wp-lightbox-container\"><img loading=\"lazy\" decoding=\"async\" width=\"738\" height=\"1024\" data-wp-class--hide=\"state.isContentHidden\" data-wp-class--show=\"state.isContentVisible\" data-wp-init=\"callbacks.setButtonStyles\" data-wp-on--click=\"actions.showLightbox\" data-wp-on--load=\"callbacks.setButtonStyles\" data-wp-on-window--resize=\"callbacks.setButtonStyles\" data-id=\"211\" src=\"https:\/\/www.lschindler.at\/wordpress\/wp-content\/uploads\/2024\/09\/DSC_4073-Kopie-738x1024.jpg\" alt=\"\" class=\"wp-image-211\" srcset=\"https:\/\/www.lschindler.at\/wordpress\/wp-content\/uploads\/2024\/09\/DSC_4073-Kopie-738x1024.jpg 738w, https:\/\/www.lschindler.at\/wordpress\/wp-content\/uploads\/2024\/09\/DSC_4073-Kopie-216x300.jpg 216w, https:\/\/www.lschindler.at\/wordpress\/wp-content\/uploads\/2024\/09\/DSC_4073-Kopie-768x1066.jpg 768w, https:\/\/www.lschindler.at\/wordpress\/wp-content\/uploads\/2024\/09\/DSC_4073-Kopie-1107x1536.jpg 1107w, https:\/\/www.lschindler.at\/wordpress\/wp-content\/uploads\/2024\/09\/DSC_4073-Kopie-508x705.jpg 508w, https:\/\/www.lschindler.at\/wordpress\/wp-content\/uploads\/2024\/09\/DSC_4073-Kopie.jpg 1200w\" sizes=\"auto, (max-width: 738px) 100vw, 738px\" \/><button\n\t\t\tclass=\"lightbox-trigger\"\n\t\t\ttype=\"button\"\n\t\t\taria-haspopup=\"dialog\"\n\t\t\taria-label=\"Vergr\u00f6\u00dfern\"\n\t\t\tdata-wp-init=\"callbacks.initTriggerButton\"\n\t\t\tdata-wp-on--click=\"actions.showLightbox\"\n\t\t\tdata-wp-style--right=\"state.imageButtonRight\"\n\t\t\tdata-wp-style--top=\"state.imageButtonTop\"\n\t\t>\n\t\t\t<svg xmlns=\"http:\/\/www.w3.org\/2000\/svg\" width=\"12\" height=\"12\" fill=\"none\" viewBox=\"0 0 12 12\">\n\t\t\t\t<path fill=\"#fff\" d=\"M2 0a2 2 0 0 0-2 2v2h1.5V2a.5.5 0 0 1 .5-.5h2V0H2Zm2 10.5H2a.5.5 0 0 1-.5-.5V8H0v2a2 2 0 0 0 2 2h2v-1.5ZM8 12v-1.5h2a.5.5 0 0 0 .5-.5V8H12v2a2 2 0 0 1-2 2H8Zm2-12a2 2 0 0 1 2 2v2h-1.5V2a.5.5 0 0 0-.5-.5H8V0h2Z\" \/>\n\t\t\t<\/svg>\n\t\t<\/button><figcaption class=\"wp-element-caption\">xxx Laura Schindler<\/figcaption><\/figure>\n\n\n\n<figure data-wp-context=\"{&quot;imageId&quot;:&quot;69d43b54aa0c1&quot;}\" data-wp-interactive=\"core\/image\" data-wp-key=\"69d43b54aa0c1\" class=\"wp-block-image size-large wp-lightbox-container\"><img loading=\"lazy\" decoding=\"async\" width=\"1024\" height=\"1024\" data-wp-class--hide=\"state.isContentHidden\" data-wp-class--show=\"state.isContentVisible\" data-wp-init=\"callbacks.setButtonStyles\" data-wp-on--click=\"actions.showLightbox\" data-wp-on--load=\"callbacks.setButtonStyles\" data-wp-on-window--resize=\"callbacks.setButtonStyles\" data-id=\"387\" src=\"https:\/\/www.lschindler.at\/wordpress\/wp-content\/uploads\/2024\/09\/Unbenannt-1-1024x1024.jpg\" alt=\"\" class=\"wp-image-387\" srcset=\"https:\/\/www.lschindler.at\/wordpress\/wp-content\/uploads\/2024\/09\/Unbenannt-1-1024x1024.jpg 1024w, https:\/\/www.lschindler.at\/wordpress\/wp-content\/uploads\/2024\/09\/Unbenannt-1-300x300.jpg 300w, https:\/\/www.lschindler.at\/wordpress\/wp-content\/uploads\/2024\/09\/Unbenannt-1-150x150.jpg 150w, https:\/\/www.lschindler.at\/wordpress\/wp-content\/uploads\/2024\/09\/Unbenannt-1-768x768.jpg 768w, https:\/\/www.lschindler.at\/wordpress\/wp-content\/uploads\/2024\/09\/Unbenannt-1-508x508.jpg 508w, https:\/\/www.lschindler.at\/wordpress\/wp-content\/uploads\/2024\/09\/Unbenannt-1.jpg 1200w\" sizes=\"auto, (max-width: 1024px) 100vw, 1024px\" \/><button\n\t\t\tclass=\"lightbox-trigger\"\n\t\t\ttype=\"button\"\n\t\t\taria-haspopup=\"dialog\"\n\t\t\taria-label=\"Vergr\u00f6\u00dfern\"\n\t\t\tdata-wp-init=\"callbacks.initTriggerButton\"\n\t\t\tdata-wp-on--click=\"actions.showLightbox\"\n\t\t\tdata-wp-style--right=\"state.imageButtonRight\"\n\t\t\tdata-wp-style--top=\"state.imageButtonTop\"\n\t\t>\n\t\t\t<svg xmlns=\"http:\/\/www.w3.org\/2000\/svg\" width=\"12\" height=\"12\" fill=\"none\" viewBox=\"0 0 12 12\">\n\t\t\t\t<path fill=\"#fff\" d=\"M2 0a2 2 0 0 0-2 2v2h1.5V2a.5.5 0 0 1 .5-.5h2V0H2Zm2 10.5H2a.5.5 0 0 1-.5-.5V8H0v2a2 2 0 0 0 2 2h2v-1.5ZM8 12v-1.5h2a.5.5 0 0 0 .5-.5V8H12v2a2 2 0 0 1-2 2H8Zm2-12a2 2 0 0 1 2 2v2h-1.5V2a.5.5 0 0 0-.5-.5H8V0h2Z\" \/>\n\t\t\t<\/svg>\n\t\t<\/button><figcaption class=\"wp-element-caption\">xxx Dietmar Halbauer<\/figcaption><\/figure>\n\n\n\n<figure data-wp-context=\"{&quot;imageId&quot;:&quot;69d43b54aa9d9&quot;}\" data-wp-interactive=\"core\/image\" data-wp-key=\"69d43b54aa9d9\" class=\"wp-block-image size-large wp-lightbox-container\"><img loading=\"lazy\" decoding=\"async\" width=\"994\" height=\"1024\" data-wp-class--hide=\"state.isContentHidden\" data-wp-class--show=\"state.isContentVisible\" data-wp-init=\"callbacks.setButtonStyles\" data-wp-on--click=\"actions.showLightbox\" data-wp-on--load=\"callbacks.setButtonStyles\" data-wp-on-window--resize=\"callbacks.setButtonStyles\" data-id=\"147\" src=\"https:\/\/www.lschindler.at\/wordpress\/wp-content\/uploads\/2024\/09\/DSC_4069-994x1024.jpg\" alt=\"\" class=\"wp-image-147\" srcset=\"https:\/\/www.lschindler.at\/wordpress\/wp-content\/uploads\/2024\/09\/DSC_4069-994x1024.jpg 994w, https:\/\/www.lschindler.at\/wordpress\/wp-content\/uploads\/2024\/09\/DSC_4069-291x300.jpg 291w, https:\/\/www.lschindler.at\/wordpress\/wp-content\/uploads\/2024\/09\/DSC_4069-768x791.jpg 768w, https:\/\/www.lschindler.at\/wordpress\/wp-content\/uploads\/2024\/09\/DSC_4069-508x523.jpg 508w, https:\/\/www.lschindler.at\/wordpress\/wp-content\/uploads\/2024\/09\/DSC_4069.jpg 1200w\" sizes=\"auto, (max-width: 994px) 100vw, 994px\" \/><button\n\t\t\tclass=\"lightbox-trigger\"\n\t\t\ttype=\"button\"\n\t\t\taria-haspopup=\"dialog\"\n\t\t\taria-label=\"Vergr\u00f6\u00dfern\"\n\t\t\tdata-wp-init=\"callbacks.initTriggerButton\"\n\t\t\tdata-wp-on--click=\"actions.showLightbox\"\n\t\t\tdata-wp-style--right=\"state.imageButtonRight\"\n\t\t\tdata-wp-style--top=\"state.imageButtonTop\"\n\t\t>\n\t\t\t<svg xmlns=\"http:\/\/www.w3.org\/2000\/svg\" width=\"12\" height=\"12\" fill=\"none\" viewBox=\"0 0 12 12\">\n\t\t\t\t<path fill=\"#fff\" d=\"M2 0a2 2 0 0 0-2 2v2h1.5V2a.5.5 0 0 1 .5-.5h2V0H2Zm2 10.5H2a.5.5 0 0 1-.5-.5V8H0v2a2 2 0 0 0 2 2h2v-1.5ZM8 12v-1.5h2a.5.5 0 0 0 .5-.5V8H12v2a2 2 0 0 1-2 2H8Zm2-12a2 2 0 0 1 2 2v2h-1.5V2a.5.5 0 0 0-.5-.5H8V0h2Z\" \/>\n\t\t\t<\/svg>\n\t\t<\/button><figcaption class=\"wp-element-caption\">xxx Laura Schindler<\/figcaption><\/figure>\n\n\n\n<figure data-wp-context=\"{&quot;imageId&quot;:&quot;69d43b54ab333&quot;}\" data-wp-interactive=\"core\/image\" data-wp-key=\"69d43b54ab333\" class=\"wp-block-image size-large wp-lightbox-container\"><img loading=\"lazy\" decoding=\"async\" width=\"1024\" height=\"1024\" data-wp-class--hide=\"state.isContentHidden\" data-wp-class--show=\"state.isContentVisible\" data-wp-init=\"callbacks.setButtonStyles\" data-wp-on--click=\"actions.showLightbox\" data-wp-on--load=\"callbacks.setButtonStyles\" data-wp-on-window--resize=\"callbacks.setButtonStyles\" data-id=\"388\" src=\"https:\/\/www.lschindler.at\/wordpress\/wp-content\/uploads\/2024\/09\/nati-1024x1024.jpg\" alt=\"\" class=\"wp-image-388\" srcset=\"https:\/\/www.lschindler.at\/wordpress\/wp-content\/uploads\/2024\/09\/nati-1024x1024.jpg 1024w, https:\/\/www.lschindler.at\/wordpress\/wp-content\/uploads\/2024\/09\/nati-300x300.jpg 300w, https:\/\/www.lschindler.at\/wordpress\/wp-content\/uploads\/2024\/09\/nati-150x150.jpg 150w, https:\/\/www.lschindler.at\/wordpress\/wp-content\/uploads\/2024\/09\/nati-768x768.jpg 768w, https:\/\/www.lschindler.at\/wordpress\/wp-content\/uploads\/2024\/09\/nati-508x508.jpg 508w, https:\/\/www.lschindler.at\/wordpress\/wp-content\/uploads\/2024\/09\/nati.jpg 1200w\" sizes=\"auto, (max-width: 1024px) 100vw, 1024px\" \/><button\n\t\t\tclass=\"lightbox-trigger\"\n\t\t\ttype=\"button\"\n\t\t\taria-haspopup=\"dialog\"\n\t\t\taria-label=\"Vergr\u00f6\u00dfern\"\n\t\t\tdata-wp-init=\"callbacks.initTriggerButton\"\n\t\t\tdata-wp-on--click=\"actions.showLightbox\"\n\t\t\tdata-wp-style--right=\"state.imageButtonRight\"\n\t\t\tdata-wp-style--top=\"state.imageButtonTop\"\n\t\t>\n\t\t\t<svg xmlns=\"http:\/\/www.w3.org\/2000\/svg\" width=\"12\" height=\"12\" fill=\"none\" viewBox=\"0 0 12 12\">\n\t\t\t\t<path fill=\"#fff\" d=\"M2 0a2 2 0 0 0-2 2v2h1.5V2a.5.5 0 0 1 .5-.5h2V0H2Zm2 10.5H2a.5.5 0 0 1-.5-.5V8H0v2a2 2 0 0 0 2 2h2v-1.5ZM8 12v-1.5h2a.5.5 0 0 0 .5-.5V8H12v2a2 2 0 0 1-2 2H8Zm2-12a2 2 0 0 1 2 2v2h-1.5V2a.5.5 0 0 0-.5-.5H8V0h2Z\" \/>\n\t\t\t<\/svg>\n\t\t<\/button><figcaption class=\"wp-element-caption\">xxx Dietmar Halbauer<\/figcaption><\/figure>\n<\/figure>\n\n\n\n<blockquote class=\"wp-block-quote is-layout-flow wp-block-quote-is-layout-flow\">\n<p>&#8222;Die Farbe hat mich. Ich brauche nicht nach ihr zu haschen. Sie hat mich f\u00fcr immer. Das ist der gl\u00fccklichen Stunde Sinn: ich und die Farbe sind eins. Ich bin Maler.&#8220;\u2028&#8220;Zeichnen ist die Kunst, die Linie spazieren zu f\u00fchren.&#8220;\u2028&#8220;Kunst gibt nicht das Sichtbare wieder, sondern macht sichtbar.&#8220; <strong>Paul Klee<\/strong><\/p>\n<\/blockquote>\n","protected":false},"excerpt":{"rendered":"<p>Ihr PortraitZusammen mit mehreren Top-K\u00fcnstlern aus dem analogen bis digitalen Bereich der bildenden Kunst, von Malerei bis Fotografie freut sich die K\u00fcnstlerin ein spezielles Projekt anzuk\u00fcndigen. Wenn Sie auf der Suche nach einem Portrait als Geschenk oder f\u00fcr sich selber sind, sind Sie hier richtig. Mehr zu diesem Projekt folgt in K\u00fcrze! Falls Ihr Interesse [&hellip;]<\/p>\n","protected":false},"author":1,"featured_media":224,"parent":0,"menu_order":0,"comment_status":"closed","ping_status":"closed","template":"","meta":{"footnotes":""},"class_list":["post-122","page","type-page","status-publish","has-post-thumbnail","hentry"],"_links":{"self":[{"href":"https:\/\/www.lschindler.at\/index.php?rest_route=\/wp\/v2\/pages\/122","targetHints":{"allow":["GET"]}}],"collection":[{"href":"https:\/\/www.lschindler.at\/index.php?rest_route=\/wp\/v2\/pages"}],"about":[{"href":"https:\/\/www.lschindler.at\/index.php?rest_route=\/wp\/v2\/types\/page"}],"author":[{"embeddable":true,"href":"https:\/\/www.lschindler.at\/index.php?rest_route=\/wp\/v2\/users\/1"}],"replies":[{"embeddable":true,"href":"https:\/\/www.lschindler.at\/index.php?rest_route=%2Fwp%2Fv2%2Fcomments&post=122"}],"version-history":[{"count":11,"href":"https:\/\/www.lschindler.at\/index.php?rest_route=\/wp\/v2\/pages\/122\/revisions"}],"predecessor-version":[{"id":514,"href":"https:\/\/www.lschindler.at\/index.php?rest_route=\/wp\/v2\/pages\/122\/revisions\/514"}],"wp:featuredmedia":[{"embeddable":true,"href":"https:\/\/www.lschindler.at\/index.php?rest_route=\/wp\/v2\/media\/224"}],"wp:attachment":[{"href":"https:\/\/www.lschindler.at\/index.php?rest_route=%2Fwp%2Fv2%2Fmedia&parent=122"}],"curies":[{"name":"wp","href":"https:\/\/api.w.org\/{rel}","templated":true}]}}